{"id":431,"date":"2023-05-22T19:12:50","date_gmt":"2023-05-22T17:12:50","guid":{"rendered":"https:\/\/stipex.psychologie.uni-greifswald.de\/?page_id=431"},"modified":"2025-09-30T14:45:04","modified_gmt":"2025-09-30T12:45:04","slug":"publikationen","status":"publish","type":"page","link":"https:\/\/stipex.psychologie.uni-greifswald.de\/en\/publikationen\/","title":{"rendered":"Publications"},"content":{"rendered":"<div class=\"wp-block-ub-tabbed-content wp-block-ub-tabbed-content-holder wp-block-ub-tabbed-content-horizontal-holder-mobile wp-block-ub-tabbed-content-horizontal-holder-tablet\" id=\"ub-tabbed-content-2b5131a4-6ced-4cfa-98b9-8a8ac5c0c07a\" style=\"\">\n\t\t\t<div class=\"wp-block-ub-tabbed-content-tab-holder horizontal-tab-width-mobile horizontal-tab-width-tablet\">\n\t\t\t\t<div role=\"tablist\" class=\"wp-block-ub-tabbed-content-tabs-title wp-block-ub-tabbed-content-tabs-title-mobile-horizontal-tab wp-block-ub-tabbed-content-tabs-title-tablet-horizontal-tab\" style=\"justify-content: flex-start; \"><div role=\"tab\" id=\"ub-tabbed-content-2b5131a4-6ced-4cfa-98b9-8a8ac5c0c07a-tab-0\" aria-controls=\"ub-tabbed-content-2b5131a4-6ced-4cfa-98b9-8a8ac5c0c07a-panel-0\" aria-selected=\"true\" class=\"wp-block-ub-tabbed-content-tab-title-wrap active\" style=\"--ub-tabbed-title-background-color: #df7f7f; --ub-tabbed-title-color: #FFFFFF; --ub-tabbed-active-title-color: #FFFFFF; --ub-tabbed-active-title-background-color: #df7f7f; text-align: left; \" tabindex=\"-1\">\n\t\t\t\t<div class=\"wp-block-ub-tabbed-content-tab-title\">Beitr\u00e4ge<\/div>\n\t\t\t<\/div><div role=\"tab\" id=\"ub-tabbed-content-2b5131a4-6ced-4cfa-98b9-8a8ac5c0c07a-tab-1\" aria-controls=\"ub-tabbed-content-2b5131a4-6ced-4cfa-98b9-8a8ac5c0c07a-panel-1\" aria-selected=\"false\" class=\"wp-block-ub-tabbed-content-tab-title-wrap\" style=\"--ub-tabbed-title-color: #44546a; --ub-tabbed-active-title-color: #FFFFFF; --ub-tabbed-active-title-background-color: #df7f7f; text-align: left; \" tabindex=\"-1\">\n\t\t\t\t<div class=\"wp-block-ub-tabbed-content-tab-title\">Medieninformationen<\/div>\n\t\t\t<\/div><div role=\"tab\" id=\"ub-tabbed-content-2b5131a4-6ced-4cfa-98b9-8a8ac5c0c07a-tab-2\" aria-controls=\"ub-tabbed-content-2b5131a4-6ced-4cfa-98b9-8a8ac5c0c07a-panel-2\" aria-selected=\"false\" class=\"wp-block-ub-tabbed-content-tab-title-wrap\" style=\"--ub-tabbed-title-color: #44546a; --ub-tabbed-active-title-color: #FFFFFF; --ub-tabbed-active-title-background-color: #df7f7f; text-align: left; \" tabindex=\"-1\">\n\t\t\t\t<div class=\"wp-block-ub-tabbed-content-tab-title\">Weitere Informationen<\/div>\n\t\t\t<\/div><\/div>\n\t\t\t<\/div>\n\t\t\t<div class=\"wp-block-ub-tabbed-content-tabs-content\" style=\"\"><div role=\"tabpanel\" class=\"wp-block-ub-tabbed-content-tab-content-wrap active\" id=\"ub-tabbed-content-2b5131a4-6ced-4cfa-98b9-8a8ac5c0c07a-panel-0\" aria-labelledby=\"ub-tabbed-content-2b5131a4-6ced-4cfa-98b9-8a8ac5c0c07a-tab-0\" tabindex=\"0\" data-tab-anchor=\"beitraege\">\n\n<h2 class=\"wp-block-heading\">Beitr\u00e4ge<\/h2>\n\n\n\n<h4 class=\"wp-block-heading\">Zeitschriftenbeitr\u00e4ge:<\/h4>\n\n\n\n<p>Danqa, D., Muehlmann, M., Menzinger, J., &amp; Tomczyk, S. (2025). Experiencing stigmatization during the COVID-19 pandemic: a qualitative study among healthcare workers. <em>BMC Infectious Diseases<\/em>, <em>25<\/em>, 1104. <a href=\"https:\/\/doi.org\/10.1186\/s12879-025-11486-1\" target=\"_blank\" rel=\"noreferrer noopener\">https:\/\/doi.org\/10.1186\/s12879-025-11486-1<\/a><\/p>\n\n\n\n<p>Paterson, A., Mughogho, K. K., Cheyne, A., Kabajaasi, O., Sarkar, T., Dimitrios, K. H., Tulunay, H., Adiukwu, F. N., Alatrany, S. S., Mamaghani, E. A., Barberia, L. G., Bu, H., Chikura-Dlamini, P., Dunning, J., Gregorio, E. R., Hassan, M. Z., Hossain, M. B., Jamrozik, E., Mistry, S. K., \u2026 Rojek, A. (2025). The (Re)-emerging And ePidemic Infectious Diseases (RAPID) Stigma Scales: A cross-outbreak scale development and pyschometric validation study. <em>The Lancet Infectious Diseases<\/em>. <a href=\"https:\/\/doi.org\/10.1016\/S1473-3099(25)00161-6\">https:\/\/doi.org\/10.1016\/S1473-3099(25)00161-6<\/a><\/p>\n\n\n\n<p>Kuhlmann, I., Muehlmann, M., Danqa, D., &amp; Tomczyk, S. (2025). Measuring Healthcare Worker Stigma During the COVID-19 Pandemic: A Systematic Review of Scales and Their Psychometric Properties. <em>European Journal of Psychological Assessment<\/em>,<em> 0<\/em>(0). <a href=\"https:\/\/doi.org\/10.1027\/1015-5759\/a000893\" target=\"_blank\" rel=\"noreferrer noopener\">https:\/\/doi.org\/10.1027\/1015-5759\/a000893<\/a><\/p>\n\n\n\n<h4 class=\"wp-block-heading\">KonferenzBeitr\u00e4ge:<\/h4>\n\n\n\n<p>Danqa, D., Kuhlmann, I., Muehlmann, M., Menzinger, J., &amp; Tomczyk, S. (2025, September 22\u201324). <em>Stigmatisierung bei COVID-19 und vergleichbaren Infektionskrankheiten: Systematische Erfassung von Messinstrumenten und Interventionen<\/em> [Poster]. 24. Deutscher Kongress f\u00fcr Versorgungsforschung (DKVF), Hamburg, Deutschland.\u00a0<a href=\"https:\/\/stipex.psychologie.uni-greifswald.de\/wordpress\/wp-content\/uploads\/2025\/09\/2025-09-19_StiPEx_Poster_DKVF.pdf\">DOWNLOAD<\/a><\/p>\n\n\n\n<p>Tomczyk, S., Danqa, D., Menzinger, J., Muehlmann, M., Kuhlmann, I., &amp; Alpers, C. (2025, September 17\u201319). <em>Stigmatisierung im Kontext der COVID-19-Pandemie: Erkenntnisse aus dem Forschungsprojekt \u201eStiPEx\u201c<\/em> [Vortrag]. 60. Jahrestagung der Deutschen Gesellschaft f\u00fcr Sozialmedizin und Pr\u00e4vention (DGSMP), Berlin, Deutschland. <a href=\"https:\/\/stipex.psychologie.uni-greifswald.de\/wordpress\/wp-content\/uploads\/2025\/09\/StiPEx_Praesentation_DGSMP_2025_Tomczyk.pdf\">DOWNLOAD<\/a><\/p>\n\n\n\n<p>Tomczyk, S., Danqa, D., Kuhlmann, I., &amp; Muehlmann, M. (2025, September 3\u20135). <em>Stigmatisierung bei COVID-19 und vergleichbaren Infektionskrankheiten: Systematische Erfassung von<\/em> <em>Messinstrumenten und Interventionen<\/em> [Vortrag]. Gemeinsamer Kongress der Deutschen Gesellschaft f\u00fcr Medizinische Psychologie (DGMP) und Deutschen Gesellschaft f\u00fcr Medizinische Soziologie (DGMS), Jena, Deutschland. <a href=\"https:\/\/stipex.psychologie.uni-greifswald.de\/wordpress\/wp-content\/uploads\/2025\/09\/StiPEx_Praesentation_DGMP_2025_Tomczyk.pdf\">DOWNLOAD<\/a><\/p>\n\n\n\n<p>Danqa, D., Menzinger, J., Muehlmann, M., &amp; Tomczyk, S. (2025, August 26\u201329). <em>Challenges in Implementing Anti-Stigma Interventions in Context of COVID-19: Insights from Public Health Experts<\/em> [Poster]. 39th Annual Conference of the European Health Psychology Society, Groningen, Netherlands. <a href=\"https:\/\/stipex.psychologie.uni-greifswald.de\/wordpress\/wp-content\/uploads\/2025\/09\/2025-08-15_StiPEx_Poster_European-Health-Psychology-Society.pdf\">DOWNLOAD<\/a><\/p>\n\n\n\n<p>Danqa, D., Kuhlmann, I., Muehlmann, M., Menzinger, J., &amp; Tomczyk, S. (2025, June 30 &#8211; July 2). <em>Reducing stigma in the context of COVID-19 and comparable diseases: A systematic review of interventions<\/em> [Poster]. Pandemic Sciences Conference, Oxford. <a href=\"https:\/\/stipex.psychologie.uni-greifswald.de\/wordpress\/wp-content\/uploads\/2025\/07\/2025-06-11_StiPEx_Poster_PSC25.pdf\">DOWNLOAD<\/a><\/p>\n\n\n\n<p>Danqa, D., M\u00fchlmann, M., Menzinger, J., Tomczyk, S. (2024, September 25-27). <em>Erfassung von Anti-Stigma-Interventionen im Kontext der COVID-19-Pandemie: Einblicke von Expert*innen in Deutschland<\/em> [Poster]. 23. Deutscher Kongress f\u00fcr Versorgungsforschung, Potsdam, Deutschland. <a href=\"https:\/\/stipex.psychologie.uni-greifswald.de\/wordpress\/wp-content\/uploads\/2025\/06\/2024-09-19b_StiPEx_Poster_Potsdam_MM.pdf\" target=\"_blank\" rel=\"noreferrer noopener\">DOWNLOAD<\/a><\/p>\n\n\n\n<p>Danqa, D., M\u00fchlmann, M., Menzinger, J., Tomczyk, S. (2024, September 11-13). <em>(Intersektionale) Herausforderungen in der Umsetzung von Anti-Stigma-Ma\u00dfnahmen im Kontext der COVID-19-Pandemie: Einblicke von Expert*innen in Deutschland<\/em> [Vortrag]. Gesundheit \u2013 gemeinsam denken, forschen, handeln: Kooperationstagung der GMDS, DGSMP, DGEpi, DGMS und DGPH, Dresden, Deutschland. <a href=\"https:\/\/stipex.psychologie.uni-greifswald.de\/wordpress\/wp-content\/uploads\/2025\/06\/2024-09-13_StiPEx_Praesentation_GesGem_DD.pdf\" target=\"_blank\" rel=\"noreferrer noopener\">DOWNLOAD<\/a><\/p>\n\n\n\n<p>Menzinger, J., Muehlmann, M., Alpers, C., McLaren, T., Danqa, D., &amp; Samuel Tomczyk, S. (2024, July 1-2). <em>The pandemic passes, the stigma remains? An exploratory study on Covid-19-related stigmatizing attitudes in Germany<\/em> [Poster]. Pandemic Sciences Institute Conference, Oxford. <a href=\"https:\/\/stipex.psychologie.uni-greifswald.de\/wordpress\/wp-content\/uploads\/2024\/07\/2024-06-25_Poster_Oxford_JM.pdf\" data-type=\"attachment\" data-id=\"1196\" target=\"_blank\" rel=\"noreferrer noopener\">DOWNLOAD<\/a><\/p>\n\n\n\n<p>Danqa, D., Menzinger, J., Muehlmann, M., &amp; Tomczyk, S. (2024, July 1-2).<em> Stigmatization in the COVID-19 pandemic: Insights from healthcare workers\u2019 experiences <\/em>[Poster]. Pandemic Sciences Institute Conference, Oxford. <a href=\"https:\/\/stipex.psychologie.uni-greifswald.de\/wordpress\/wp-content\/uploads\/2024\/07\/2024-06-25_StiPEx_Poster_Oxford_DD.pdf\" data-type=\"attachment\" data-id=\"1197\" target=\"_blank\" rel=\"noreferrer noopener\">DOWNLOAD<\/a><\/p>\n\n\n\n<p>Menzinger, J., Muehlmann, M., Alpers, C., McLaren, T. Danqa, D. &amp; Tomczyk, S. (2024, June 10-11). <em>Stigmatisierung im Kontext der Corona-Pandemie<\/em> [Poster]. 29. Deutscher Pr\u00e4ventionstag, Cottbus. <a href=\"https:\/\/stipex.psychologie.uni-greifswald.de\/wordpress\/wp-content\/uploads\/2024\/07\/2024-06-05_StiPEx_Poster-Cottbus.pdf\" data-type=\"attachment\" data-id=\"1195\" target=\"_blank\" rel=\"noreferrer noopener\">DOWNLOAD<\/a><\/p>\n\n<\/div><div role=\"tabpanel\" class=\"wp-block-ub-tabbed-content-tab-content-wrap ub-hide\" id=\"ub-tabbed-content-2b5131a4-6ced-4cfa-98b9-8a8ac5c0c07a-panel-1\" aria-labelledby=\"ub-tabbed-content-2b5131a4-6ced-4cfa-98b9-8a8ac5c0c07a-tab-1\" tabindex=\"0\" data-tab-anchor=\"medieninformationen\">\n\n<div class=\"wp-block-group\"><div class=\"wp-block-group__inner-container is-layout-constrained wp-block-group-is-layout-constrained\">\n<h2 class=\"wp-block-heading\">Report Psychologie <\/h2>\n\n\n\n<div class=\"wp-block-columns is-layout-flex wp-container-core-columns-is-layout-9d6595d7 wp-block-columns-is-layout-flex\">\n<div class=\"wp-block-column is-layout-flow wp-block-column-is-layout-flow\" style=\"flex-basis:33.33%\">\n<figure class=\"wp-block-image size-large\"><img loading=\"lazy\" decoding=\"async\" width=\"724\" height=\"1024\" src=\"https:\/\/stipex.psychologie.uni-greifswald.de\/wordpress\/wp-content\/uploads\/2023\/06\/Deckblatt-report-psychologie-724x1024.jpg\" alt=\"\" class=\"wp-image-449\" srcset=\"https:\/\/stipex.psychologie.uni-greifswald.de\/wordpress\/wp-content\/uploads\/2023\/06\/Deckblatt-report-psychologie-724x1024.jpg 724w, https:\/\/stipex.psychologie.uni-greifswald.de\/wordpress\/wp-content\/uploads\/2023\/06\/Deckblatt-report-psychologie-212x300.jpg 212w, https:\/\/stipex.psychologie.uni-greifswald.de\/wordpress\/wp-content\/uploads\/2023\/06\/Deckblatt-report-psychologie-768x1086.jpg 768w, https:\/\/stipex.psychologie.uni-greifswald.de\/wordpress\/wp-content\/uploads\/2023\/06\/Deckblatt-report-psychologie-1086x1536.jpg 1086w, https:\/\/stipex.psychologie.uni-greifswald.de\/wordpress\/wp-content\/uploads\/2023\/06\/Deckblatt-report-psychologie.jpg 1190w\" sizes=\"auto, (max-width: 724px) 100vw, 724px\" \/><\/figure>\n<\/div>\n\n\n\n<div class=\"wp-block-column is-layout-flow wp-block-column-is-layout-flow\" style=\"flex-basis:66.66%\">\n<p><strong>Stigmatisierung im Kontext der Corona-Pandemie<\/strong><br><strong>Forschungsprojekt \u00bbStiPEx\u00ab an der Universit\u00e4t Greifswald<\/strong><br>Juni 2023<\/p>\n\n\n\n<p><a href=\"https:\/\/www.bdp-verband.de\/media\/publikationen\">Fachzeitschrift des BDP<\/a><\/p>\n\n\n\n<p>Tomczyk, S., M\u00fchlmann, M., Kuhlmann, I. &amp; Danqa, D. (2023). Stigmatisierung im Kontext der Corona-Pandemie: Forschungsprojekt \u201eStiPEx\u201c an der Universit\u00e4t Greifswald. <em>reportpsychologie<\/em>, <em>48<\/em>, 17\u201321.<\/p>\n<\/div>\n<\/div>\n\n\n\n<h2 class=\"wp-block-heading\">Deutscher Pr\u00e4ventionstag<\/h2>\n\n\n\n<p><strong>Wenn Corona zu Ausgrenzung und Diskriminierung f\u00fchrt &#8211; Spaltungsprozessen vorbeugen<\/strong><br>14.02.2023<\/p>\n\n\n\n<p>Corona pr\u00e4gt seit Anfang 2020 sowohl gesellschaftliche Debatten als auch private Auseinandersetzungen. \u00dcber au\u00dfergew\u00f6hnlich lange Zeit dominierte die Pandemie die mediale Berichterstattung. Themen wie Maskenpflicht, Corona-Warn-Apps, Impfungen und Quarant\u00e4ne wurden aus verschiedenen Perspektiven &#8230; <a href=\"https:\/\/www.praeventionstag.de\/nano.cms\/news\/details\/7377\">zum Artikel<\/a><\/p>\n\n\n\n<h2 class=\"wp-block-heading\">Ostsee Zeitung<\/h2>\n\n\n\n<p><strong>Greifswalder Forscher: Wie stark f\u00fchrte Corona zu Ausgrenzungen?<\/strong><br>12.02.2023<\/p>\n\n\n\n<p>Die Corona\u2010Pandemie hat zu mehr Angst, Stress und Unsicherheit gef\u00fchrt. All das verst\u00e4rkte auch die Stigmatisierung in der Gesellschaft. Pflegekr\u00e4fte, \u00e4ltere, kranke und ungeimpfte Menschen erlebten aus unterschiedlichen Gr\u00fcnden Ausgrenzung. Mal gesellschaftlich, mal famili\u00e4r, &#8230; <a href=\"https:\/\/www.ostsee-zeitung.de\/lokales\/vorpommern-greifswald\/greifswald\/greifswalder-forscher-wie-stark-fuehrte-corona-zu-ausgrenzungen-CVEMQ24DKRCCTOZHECCFVIYOVY.html\">zum Artikel<\/a><\/p>\n<\/div><\/div>\n\n\n\n<div class=\"wp-block-group\"><div class=\"wp-block-group__inner-container is-layout-constrained wp-block-group-is-layout-constrained\">\n<h2 class=\"wp-block-heading\">Universit\u00e4t Greifswald<\/h2>\n\n\n\n<p><strong>Medieninformation<\/strong><\/p>\n\n\n\n<p>06.02.2023<\/p>\n\n\n\n<p>Im Forschungsprojekt StiPEx untersuchen Wissenschaftler*innen der Universit\u00e4t Greifswald ab Februar 2023 Stigmatisierungsprozesse im Kontext der Corona-Pandemie und deren &#8230; <a href=\"https:\/\/www.uni-greifswald.de\/universitaet\/information\/aktuelles\/detail\/n\/wenn-corona-zu-ausgrenzung-und-diskriminierung-fuehrt-spaltungsprozessen-vorbeugen\/\">zur Beitragsseite<\/a><\/p>\n<\/div><\/div>\n\n\n\n<div class=\"wp-block-group\"><div class=\"wp-block-group__inner-container is-layout-constrained wp-block-group-is-layout-constrained\">\n<h2 class=\"wp-block-heading\">RatSWD<\/h2>\n\n\n\n<p><strong>Projektvorstellung<\/strong><\/p>\n\n\n\n<p>07.02.2023<\/p>\n\n\n\n<p>Das Projekt StiPEx untersucht Stigmatisierungsprozesse im Kontext der Corona-Pandemie aus multipler Perspektive (u. a. Betroffene, Gesundheitsfachberufe, Akteure der Anti-Stigma-Arbeit) und nutzt daf\u00fcr verschiedene sozialwissenschaftliche Methoden (u. a. Interviews, Fokusgruppen, Befragungen, Online-Studien). &#8230; <a href=\"https:\/\/www.konsortswd.de\/ratswd\/themen\/krisen\/corona\/stigmatisierung-corona-stipex\/\">zur Beitragsseite<\/a><\/p>\n<\/div><\/div>\n\n\n\n<p><\/p>\n\n<\/div><div role=\"tabpanel\" class=\"wp-block-ub-tabbed-content-tab-content-wrap ub-hide\" id=\"ub-tabbed-content-2b5131a4-6ced-4cfa-98b9-8a8ac5c0c07a-panel-2\" aria-labelledby=\"ub-tabbed-content-2b5131a4-6ced-4cfa-98b9-8a8ac5c0c07a-tab-2\" tabindex=\"0\" data-tab-anchor=\"info\">\n\n<h2 class=\"wp-block-heading\">Pr\u00e4registrierung Anti-Stigma-Interventionen Review<\/h2>\n\n\n\n<p>Dafina Danqa, Isabel Kuhlmann, Marlene Muehlmann, Jule Menzinger, Samuel Tomczyk. Interventions to reduce stigma in the context of COVID-19 and comparable infectious diseases: A systematic review. PROSPERO 2024 Available from <a href=\"https:\/\/www.crd.york.ac.uk\/PROSPERO\/view\/CRD42024582260\" target=\"_blank\" rel=\"noreferrer noopener\">https:\/\/www.crd.york.ac.uk\/PROSPERO\/view\/CRD42024582260<\/a><\/p>\n\n\n\n<h2 class=\"wp-block-heading\">OSF-Projekt<\/h2>\n\n\n\n<p>Informationen zu erhobenen Daten: <a href=\"https:\/\/osf.io\/gsfx4\">https:\/\/osf.io\/gsfx4<\/a><\/p>\n\n\n\n<h2 class=\"wp-block-heading\">Pr\u00e4registrierung Messinstrumente Review<\/h2>\n\n\n\n<p>Isabel Kuhlmann, Marlene Charlotte Muehlmann, Dafina Danqa, Samuel Tomczyk. Tools for measuring stigma in the context of the COVID-19 pandemic: a systematic review. PROSPERO 2023 CRD42023421746 Available from: <a href=\"https:\/\/www.crd.york.ac.uk\/prospero\/display_record.php?ID=CRD42023421746\">https:\/\/www.crd.york.ac.uk\/prospero\/display_record.php?ID=CRD42023421746<\/a><\/p>\n\n<\/div><\/div>\n\t\t<\/div>\n\n\n<p><\/p>\n","protected":false},"excerpt":{"rendered":"","protected":false},"author":2,"featured_media":0,"parent":0,"menu_order":6,"comment_status":"closed","ping_status":"closed","template":"","meta":{"footnotes":""},"class_list":["post-431","page","type-page","status-publish","hentry"],"featured_image_src":null,"_links":{"self":[{"href":"https:\/\/stipex.psychologie.uni-greifswald.de\/en\/wp-json\/wp\/v2\/pages\/431","targetHints":{"allow":["GET"]}}],"collection":[{"href":"https:\/\/stipex.psychologie.uni-greifswald.de\/en\/wp-json\/wp\/v2\/pages"}],"about":[{"href":"https:\/\/stipex.psychologie.uni-greifswald.de\/en\/wp-json\/wp\/v2\/types\/page"}],"author":[{"embeddable":true,"href":"https:\/\/stipex.psychologie.uni-greifswald.de\/en\/wp-json\/wp\/v2\/users\/2"}],"replies":[{"embeddable":true,"href":"https:\/\/stipex.psychologie.uni-greifswald.de\/en\/wp-json\/wp\/v2\/comments?post=431"}],"version-history":[{"count":55,"href":"https:\/\/stipex.psychologie.uni-greifswald.de\/en\/wp-json\/wp\/v2\/pages\/431\/revisions"}],"predecessor-version":[{"id":1348,"href":"https:\/\/stipex.psychologie.uni-greifswald.de\/en\/wp-json\/wp\/v2\/pages\/431\/revisions\/1348"}],"wp:attachment":[{"href":"https:\/\/stipex.psychologie.uni-greifswald.de\/en\/wp-json\/wp\/v2\/media?parent=431"}],"curies":[{"name":"wp","href":"https:\/\/api.w.org\/{rel}","templated":true}]}}