{"id":398,"date":"2023-05-12T11:41:41","date_gmt":"2023-05-12T09:41:41","guid":{"rendered":"https:\/\/stipex.psychologie.uni-greifswald.de\/?page_id=398"},"modified":"2024-04-22T17:18:34","modified_gmt":"2024-04-22T15:18:34","slug":"theoretischer-hintergrund","status":"publish","type":"page","link":"https:\/\/stipex.psychologie.uni-greifswald.de\/en\/das-projekt\/theoretischer-hintergrund\/","title":{"rendered":"What are we researching?"},"content":{"rendered":"<h2 class=\"wp-block-heading has-text-align-left\" id=\"Modell\">Health Stigma and Discrimination Framework<\/h2>\n\n\n\n<p>The StiPEx project utilizes the <strong>Health Stigma and Discrimination Framewort (HSDF)<\/strong> (Stangl et al. 2019) that was adapted to the <strong>context of the COVID-19 pandemic<\/strong> (Ransing et al. 2020).<\/p>\n\n\n\n<p><strong>Drivers<\/strong> and <strong>facilitators<\/strong> but also<strong> Intersektionalit\u00e4t und Double Stigma<\/strong> determine the occurrence of stigmatisation and the way in which the affected persons are stigmatised.<\/p>\n\n\n<div class=\"wp-block-image\">\n<figure class=\"aligncenter size-large\"><img loading=\"lazy\" decoding=\"async\" width=\"1024\" height=\"594\" src=\"https:\/\/stipex.psychologie.uni-greifswald.de\/wordpress\/wp-content\/uploads\/2024\/04\/HSDF_eng-2.png\" alt=\"\" class=\"wp-image-925\" srcset=\"https:\/\/stipex.psychologie.uni-greifswald.de\/wordpress\/wp-content\/uploads\/2024\/04\/HSDF_eng-2.png 4136w, https:\/\/stipex.psychologie.uni-greifswald.de\/wordpress\/wp-content\/uploads\/2024\/04\/HSDF_eng-2-300x174.png 300w, https:\/\/stipex.psychologie.uni-greifswald.de\/wordpress\/wp-content\/uploads\/2024\/04\/HSDF_eng-2-1024x594.png 1024w, https:\/\/stipex.psychologie.uni-greifswald.de\/wordpress\/wp-content\/uploads\/2024\/04\/HSDF_eng-2-768x446.png 768w, https:\/\/stipex.psychologie.uni-greifswald.de\/wordpress\/wp-content\/uploads\/2024\/04\/HSDF_eng-2-1536x892.png 1536w, https:\/\/stipex.psychologie.uni-greifswald.de\/wordpress\/wp-content\/uploads\/2024\/04\/HSDF_eng-2-2048x1189.png 2048w, https:\/\/stipex.psychologie.uni-greifswald.de\/wordpress\/wp-content\/uploads\/2024\/04\/HSDF_eng-2-18x10.png 18w, https:\/\/stipex.psychologie.uni-greifswald.de\/wordpress\/wp-content\/uploads\/2024\/04\/HSDF_eng-2-517x300.png 517w\" sizes=\"auto, (max-width: 1024px) 100vw, 1024px\" \/><\/figure>\n<\/div>\n\n<div class=\"wp-block-ub-content-toggle wp-block-ub-content-toggle-block\" id=\"ub-content-toggle-block-216ce0e3-1bb3-4905-9ad8-9632d56770b2\" data-mobilecollapse=\"true\" data-desktopcollapse=\"true\" data-preventcollapse=\"false\" data-showonlyone=\"false\">\n<div class=\"wp-block-ub-content-toggle-accordion\" style=\"border-color: #df7f7f; \" id=\"ub-content-toggle-panel-block-c794c4e1-40b7-442b-99cd-e96dd0490f15\">\n\t\t\t<div class=\"wp-block-ub-content-toggle-accordion-title-wrap\" style=\"background-color: #df7f7f;\" aria-controls=\"ub-content-toggle-panel-0-216ce0e3-1bb3-4905-9ad8-9632d56770b2\" tabindex=\"0\">\n\t\t\t<h4 class=\"wp-block-ub-content-toggle-accordion-title ub-content-toggle-title-216ce0e3-1bb3-4905-9ad8-9632d56770b2\" style=\"color: #FFFFFF; \">Reinforcing factors<\/h4>\n\t\t\t<div class=\"wp-block-ub-content-toggle-accordion-toggle-wrap left\" style=\"color: #FFFFFF;\"><span class=\"wp-block-ub-content-toggle-accordion-state-indicator wp-block-ub-chevron-down\"><\/span><\/div>\n\t\t<\/div>\n\t\t\t<div role=\"region\" aria-expanded=\"false\" class=\"wp-block-ub-content-toggle-accordion-content-wrap ub-hide\" id=\"ub-content-toggle-panel-0-216ce0e3-1bb3-4905-9ad8-9632d56770b2\">\n\n<p>Zu den Verst\u00e4rkenden Faktoren geh\u00f6ren Individuelle Verst\u00e4rker, verst\u00e4rkende Umgebungsfaktoren  sowie Intersektionalit\u00e4t und Double Stigma. <\/p>\n\n\n<div class=\"wp-block-ub-content-toggle wp-block-ub-content-toggle-block\" id=\"ub-content-toggle-block-e0539c9b-dc5c-490f-89b1-e0b4a0000b10\" data-mobilecollapse=\"true\" data-desktopcollapse=\"true\" data-preventcollapse=\"false\" data-showonlyone=\"false\">\n<div class=\"wp-block-ub-content-toggle-accordion\" style=\"border-color: #f2cccc; \" id=\"ub-content-toggle-panel-block-d2d7334f-bbb7-4353-bb7e-aceea57a12b5\">\n\t\t\t<div class=\"wp-block-ub-content-toggle-accordion-title-wrap\" style=\"background-color: #f2cccc;\" aria-controls=\"ub-content-toggle-panel-0-e0539c9b-dc5c-490f-89b1-e0b4a0000b10\" tabindex=\"0\">\n\t\t\t<h4 class=\"wp-block-ub-content-toggle-accordion-title ub-content-toggle-title-e0539c9b-dc5c-490f-89b1-e0b4a0000b10\" style=\"color: #FFFFFF; \">Drivers<\/h4>\n\t\t\t<div class=\"wp-block-ub-content-toggle-accordion-toggle-wrap left\" style=\"color: #FFFFFF;\"><span class=\"wp-block-ub-content-toggle-accordion-state-indicator wp-block-ub-chevron-down\"><\/span><\/div>\n\t\t<\/div>\n\t\t\t<div role=\"region\" aria-expanded=\"false\" class=\"wp-block-ub-content-toggle-accordion-content-wrap ub-hide\" id=\"ub-content-toggle-panel-0-e0539c9b-dc5c-490f-89b1-e0b4a0000b10\">\n\n<p>Individual factors that accelerate or trigger stigmatisation. These are perceived mostly as negative. They include:<\/p>\n\n\n\n<ul class=\"wp-block-list\">\n<li>fear<\/li>\n\n\n\n<li>stereotypes and individual beliefs<\/li>\n\n\n\n<li>guilt and shame<\/li>\n<\/ul>\n\n<\/div>\n\t\t<\/div>\n\n<div class=\"wp-block-ub-content-toggle-accordion\" style=\"border-color: #f2cccc; \" id=\"ub-content-toggle-panel-block-3f0ad8b0-6744-4aa5-929e-3b9ab5df3fd2\">\n\t\t\t<div class=\"wp-block-ub-content-toggle-accordion-title-wrap\" style=\"background-color: #f2cccc;\" aria-controls=\"ub-content-toggle-panel-1-e0539c9b-dc5c-490f-89b1-e0b4a0000b10\" tabindex=\"0\">\n\t\t\t<h4 class=\"wp-block-ub-content-toggle-accordion-title ub-content-toggle-title-e0539c9b-dc5c-490f-89b1-e0b4a0000b10\" style=\"color: #FFFFFF; \">facilitators<\/h4>\n\t\t\t<div class=\"wp-block-ub-content-toggle-accordion-toggle-wrap left\" style=\"color: #FFFFFF;\"><span class=\"wp-block-ub-content-toggle-accordion-state-indicator wp-block-ub-chevron-down\"><\/span><\/div>\n\t\t<\/div>\n\t\t\t<div role=\"region\" aria-expanded=\"false\" class=\"wp-block-ub-content-toggle-accordion-content-wrap ub-hide\" id=\"ub-content-toggle-panel-1-e0539c9b-dc5c-490f-89b1-e0b4a0000b10\">\n\n<p>External factors can also have an impact and can be perceived as negative or positive. These include: <\/p>\n\n\n\n<ul class=\"wp-block-list\">\n<li>social inequalities<\/li>\n\n\n\n<li>collective beliefs<\/li>\n\n\n\n<li>regulations<\/li>\n\n\n\n<li>(social) media<\/li>\n<\/ul>\n\n<\/div>\n\t\t<\/div>\n\n<div class=\"wp-block-ub-content-toggle-accordion\" style=\"border-color: #f2cccc; \" id=\"ub-content-toggle-panel-block-763aa8ed-d26c-465a-b024-c3c35d57c120\">\n\t\t\t<div class=\"wp-block-ub-content-toggle-accordion-title-wrap\" style=\"background-color: #f2cccc;\" aria-controls=\"ub-content-toggle-panel-2-e0539c9b-dc5c-490f-89b1-e0b4a0000b10\" tabindex=\"0\">\n\t\t\t<h4 class=\"wp-block-ub-content-toggle-accordion-title ub-content-toggle-title-e0539c9b-dc5c-490f-89b1-e0b4a0000b10\" style=\"color: #FFFFFF; \">Intersectionality &amp; Double Stigma<\/h4>\n\t\t\t<div class=\"wp-block-ub-content-toggle-accordion-toggle-wrap left\" style=\"color: #FFFFFF;\"><span class=\"wp-block-ub-content-toggle-accordion-state-indicator wp-block-ub-chevron-down\"><\/span><\/div>\n\t\t<\/div>\n\t\t\t<div role=\"region\" aria-expanded=\"false\" class=\"wp-block-ub-content-toggle-accordion-content-wrap ub-hide\" id=\"ub-content-toggle-panel-2-e0539c9b-dc5c-490f-89b1-e0b4a0000b10\">\n\n<p class=\"translation-block\">Factors that facilitate or intensify <a href=\"https:\/\/stipex.psychologie.uni-greifswald.de\/en\/glossary\/stigmatisierung\/\" class=\"glossary-only-link\" target=\"_self\">stigmatisation<\/a>. <a href=\"https:\/\/stipex.psychologie.uni-greifswald.de\/en\/glossary\/intersektionalitaet\/\" class=\"glossary-only-link\" target=\"_self\">Intersectionality<\/a> occurs when a person is labelled with multiple stigmatised attitudes. This can involve aspects such as:<\/p>\n\n\n\n<ul class=\"wp-block-list\">\n<li><strong>sociodemographics<\/strong><br>e.g., gender, age, ethnicity<\/li>\n\n\n\n<li><strong>health conditions<\/strong><br>e.g., mental illnesses<\/li>\n\n\n\n<li><strong>occupation or settings<\/strong><br>e.g., healthcare workers<\/li>\n<\/ul>\n\n<\/div>\n\t\t<\/div>\n<\/div>\n<\/div>\n\t\t<\/div>\n\n<div class=\"wp-block-ub-content-toggle-accordion\" style=\"border-color: #df7f7f; \" id=\"ub-content-toggle-panel-block-eeeb7eaf-5a1b-461e-a450-4bcd8d152f2f\">\n\t\t\t<div class=\"wp-block-ub-content-toggle-accordion-title-wrap\" style=\"background-color: #df7f7f;\" aria-controls=\"ub-content-toggle-panel-1-216ce0e3-1bb3-4905-9ad8-9632d56770b2\" tabindex=\"0\">\n\t\t\t<h4 class=\"wp-block-ub-content-toggle-accordion-title ub-content-toggle-title-216ce0e3-1bb3-4905-9ad8-9632d56770b2\" style=\"color: #FFFFFF; \">Manifestations<\/h4>\n\t\t\t<div class=\"wp-block-ub-content-toggle-accordion-toggle-wrap left\" style=\"color: #FFFFFF;\"><span class=\"wp-block-ub-content-toggle-accordion-state-indicator wp-block-ub-chevron-down\"><\/span><\/div>\n\t\t<\/div>\n\t\t\t<div role=\"region\" aria-expanded=\"false\" class=\"wp-block-ub-content-toggle-accordion-content-wrap ub-hide\" id=\"ub-content-toggle-panel-1-216ce0e3-1bb3-4905-9ad8-9632d56770b2\">\n\n<p>Personen die Stigmatisierung erfahren oder Beobachten verhalten sich oft anders als andere. Manche Menschen stigmatisieren sich aufgrund ihrer Erfahrungen auch selbst. <br><\/p>\n\n\n\n<div class=\"wp-block-columns is-layout-flex wp-container-core-columns-is-layout-9d6595d7 wp-block-columns-is-layout-flex\">\n<div class=\"wp-block-column is-vertically-aligned-top is-layout-flow wp-block-column-is-layout-flow\">\n<p><strong>Experiences<\/strong><br>e.g., loss of status, social isolation<\/p>\n<\/div>\n\n\n\n<div class=\"wp-block-column is-vertically-aligned-top is-layout-flow wp-block-column-is-layout-flow\">\n<p><strong>Practices<\/strong><br>z.B. soziale Ausgrenzung, Diskriminierung<\/p>\n<\/div>\n<\/div>\n\n<\/div>\n\t\t<\/div>\n\n<div class=\"wp-block-ub-content-toggle-accordion\" style=\"border-color: #df7f7f; \" id=\"ub-content-toggle-panel-block-85dfefd7-2ced-400d-b297-0906c6c71b78\">\n\t\t\t<div class=\"wp-block-ub-content-toggle-accordion-title-wrap\" style=\"background-color: #df7f7f;\" aria-controls=\"ub-content-toggle-panel-2-216ce0e3-1bb3-4905-9ad8-9632d56770b2\" tabindex=\"0\">\n\t\t\t<h4 class=\"wp-block-ub-content-toggle-accordion-title ub-content-toggle-title-216ce0e3-1bb3-4905-9ad8-9632d56770b2\" style=\"color: #FFFFFF; \">Potential outcomes<\/h4>\n\t\t\t<div class=\"wp-block-ub-content-toggle-accordion-toggle-wrap left\" style=\"color: #FFFFFF;\"><span class=\"wp-block-ub-content-toggle-accordion-state-indicator wp-block-ub-chevron-down\"><\/span><\/div>\n\t\t<\/div>\n\t\t\t<div role=\"region\" aria-expanded=\"false\" class=\"wp-block-ub-content-toggle-accordion-content-wrap ub-hide\" id=\"ub-content-toggle-panel-2-216ce0e3-1bb3-4905-9ad8-9632d56770b2\">\n\n<p>Taken together the above mentioned factors can have a negative impact on the level of the affected populations as well as on an organizational level.<\/p>\n\n\n\n<div class=\"wp-block-columns is-layout-flex wp-container-core-columns-is-layout-9d6595d7 wp-block-columns-is-layout-flex\">\n<div class=\"wp-block-column is-layout-flow wp-block-column-is-layout-flow\">\n<p><strong>Affected population<\/strong><\/p>\n\n\n\n<ol class=\"wp-block-list\">\n<li>Limited contact with (potentially infected) people; concealment of symptoms<\/li>\n\n\n\n<li>Delayed\/no use of support and professional treatments<\/li>\n\n\n\n<li>Financial burden; increasing burden of disease<\/li>\n\n\n\n<li>Vulnerability to comorbid mental illness<\/li>\n<\/ol>\n<\/div>\n\n\n\n<div class=\"wp-block-column is-layout-flow wp-block-column-is-layout-flow\">\n<p><strong>Organisations and institutions<\/strong><\/p>\n\n\n\n<ol class=\"wp-block-list\">\n<li>Low availability of medical staff for COVID-19 services \u2192 Reduced access to medical care<\/li>\n\n\n\n<li>Symptom-based (false-positive) allocation of patients \u2192 Over-utilisation; excessive workload for staff<\/li>\n\n\n\n<li>Delay or avoidance of preventative actions<\/li>\n<\/ol>\n<\/div>\n<\/div>\n\n<\/div>\n\t\t<\/div>\n\n<div class=\"wp-block-ub-content-toggle-accordion\" style=\"border-color: #df7f7f; \" id=\"ub-content-toggle-panel-block-2c5ad605-9a5f-4f14-954f-011b807f6597\">\n\t\t\t<div class=\"wp-block-ub-content-toggle-accordion-title-wrap\" style=\"background-color: #df7f7f;\" aria-controls=\"ub-content-toggle-panel-3-216ce0e3-1bb3-4905-9ad8-9632d56770b2\" tabindex=\"0\">\n\t\t\t<h4 class=\"wp-block-ub-content-toggle-accordion-title ub-content-toggle-title-216ce0e3-1bb3-4905-9ad8-9632d56770b2\" style=\"color: #FFFFFF; \">Health &amp; social Impacts<\/h4>\n\t\t\t<div class=\"wp-block-ub-content-toggle-accordion-toggle-wrap left\" style=\"color: #FFFFFF;\"><span class=\"wp-block-ub-content-toggle-accordion-state-indicator wp-block-ub-chevron-down\"><\/span><\/div>\n\t\t<\/div>\n\t\t\t<div role=\"region\" aria-expanded=\"false\" class=\"wp-block-ub-content-toggle-accordion-content-wrap ub-hide\" id=\"ub-content-toggle-panel-3-216ce0e3-1bb3-4905-9ad8-9632d56770b2\">\n\n<p>Langfristig wirkt sich Stigmatisierung auf verschiedenen Bereiche aus: <\/p>\n\n\n\n<ul class=\"wp-block-list\">\n<li><strong>Individual<\/strong><br>e.g., mental wellbeing, quality of life<\/li>\n\n\n\n<li><strong>Healthcare system<\/strong><br>e.g., increased prevalence of mental illness, reduced capacity of the system<\/li>\n\n\n\n<li><strong>Economy<\/strong><br>e.g., poverty, unemployement<\/li>\n\n\n\n<li><strong>Community<\/strong><br>e.g., increase in infections<\/li>\n\n\n\n<li><strong>Workplace<\/strong><br>e.g., absenteeism,  poor motivation<\/li>\n<\/ul>\n\n<\/div>\n\t\t<\/div>\n<\/div>\n\n\n<h3 class=\"wp-block-heading\">Literature<\/h3>\n\n\n\n<p>Ransing, R., Ramalho, R., de Filippis, R., Ojeahere, M. I., Karaliuniene, R., Orsolini, L., . . . Byty\u00e7i, D. G. (2020). Infectious disease outbreak related stigma and discrimination during the COVID-19 pandemic: drivers, facilitators, manifestations, and outcomes across the world. <em>Brain, Behavior, and Immunity<\/em>.<a href=\"javascript:\"><img decoding=\"async\" identifier=\"10.1007\/s10389-021-01658-z\" identifiertype=\"1\" title=\"Titel anhand dieser DOI in Citavi-Projekt \u00fcbernehmen\" existsinproject=\"0\" class=\"citavipicker\" style=\"border: 0px none!important;width: 16px!important;height: 16px!important;margin-left:1px !important;margin-right:1px !important;\" src=\"data:image\/svg+xml;base64,PD94bWwgdmVyc2lvbj0iMS4wIiBlbmNvZGluZz0idXRmLTgiPz48IURPQ1RZUEUgc3ZnIFBVQkxJQyAiLS8vVzNDLy9EVEQgU1ZHIDEuMS8vRU4iICJodHRwOi8vd3d3LnczLm9yZy9HcmFwaGljcy9TVkcvMS4xL0RURC9zdmcxMS5kdGQiPjxzdmcgdmVyc2lvbj0iMS4xIiBpZD0iRWJlbmVfMSIgeG1sbnM9Imh0dHA6Ly93d3cudzMub3JnLzIwMDAvc3ZnIiB4bWxuczp4bGluaz0iaHR0cDovL3d3dy53My5vcmcvMTk5OS94bGluayIgeD0iMHB4IiB5PSIwcHgiIHdpZHRoPSIxNnB4IiBoZWlnaHQ9IjE2cHgiIHZpZXdCb3g9IjAgMCAxNiAxNiIgZW5hYmxlLWJhY2tncm91bmQ9Im5ldyAwIDAgMTYgMTYiIHhtbDpzcGFjZT0icHJlc2VydmUiPjxnPjxnPjxwYXRoIGZpbGw9IiNGRkZGRkYiIGQ9Ik04LjAwMSwxNS41QzMuODY0LDE1LjUsMC41LDEyLjEzNiwwLjUsOGMwLTQuMTM1LDMuMzY1LTcuNSw3LjUwMS03LjVTMTUuNSwzLjg2NCwxNS41LDhTMTIuMTM3LDE1LjUsOC4wMDEsMTUuNXoiLz48cGF0aCBmaWxsPSIjRDUyQjFFIiBkPSJNOC4wMDEsMUMxMS44NiwxLDE1LDQuMTQxLDE1LDhzLTMuMTM5LDctNi45OTksN0M0LjE0LDE1LDEsMTEuODU5LDEsOFM0LjE0LDEsOC4wMDEsMSBNOC4wMDEsMEMzLjU4MiwwLDAsMy41ODIsMCw4czMuNTgyLDgsOC4wMDEsOEMxMi40MTgsMTYsMTYsMTIuNDE4LDE2LDhTMTIuNDE4LDAsOC4wMDEsMEw4LjAwMSwweiIvPjwvZz48cGF0aCBmaWxsPSIjRDUyQjFFIiBkPSJNNi43NDUsMTIuNTg5Yy0wLjIyNywwLjEyMi0wLjQ5NywwLjI0Ny0wLjY4NCwwLjI0N2MtMC4zMTgsMC0wLjUwMS0wLjE2NC0wLjUwMS0wLjQ1MmMwLTAuMjA3LDAuMTQtMC4zNzUsMC41OTUtMC42MjJjMS41NDktMC45MDQsMi41OTQtMi4yNzIsMi41OTQtMy43MjFjMC0wLjgyNS0wLjIyNy0xLjExOS0wLjY4MS0xLjExOWMtMC4xMzUsMC0wLjMyLDAuMjE5LTAuNjM2LDAuMjE5SDcuMTU3QzYuMTAyLDcuMTQzLDUuMzMzLDYuMjY0LDUuMzMzLDUuMjNjMC0xLjE1MiwwLjk1OC0yLjAwNiwyLjI4LTIuMDA2YzEuNzc3LDAsMy4wNTMsMS4zNzMsMy4wNTMsMy40M0MxMC42NjYsOS4yMTUsOS4yMDMsMTEuMjcsNi43NDUsMTIuNTg5Ii8+PC9nPjwvc3ZnPg\"><\/a><\/p>\n\n\n\n<p>Stangl, A. L., Earnshaw, V. A., Logie, C. H., van Brakel, W., Simbayi, L. C., Barr\u00e9, I., &amp; Dovidio, J. F. (2019). The health stigma and discrimination framework: a global, crosscutting framework to inform research, intervention development, and policy on health-related stigmas. <em>BMC Medicine<\/em>,<em> 17<\/em>(1), 1-13.<\/p>","protected":false},"excerpt":{"rendered":"<p>Rahmenmodell Gesundheitsstigmatisierung und Diskriminierung Das Rahmenmodell des StiPEx-Projekts ist angelehnt &hellip;<\/p>","protected":false},"author":2,"featured_media":0,"parent":101,"menu_order":3,"comment_status":"closed","ping_status":"closed","template":"","meta":{"footnotes":""},"class_list":["post-398","page","type-page","status-publish","hentry"],"featured_image_src":null,"_links":{"self":[{"href":"https:\/\/stipex.psychologie.uni-greifswald.de\/en\/wp-json\/wp\/v2\/pages\/398","targetHints":{"allow":["GET"]}}],"collection":[{"href":"https:\/\/stipex.psychologie.uni-greifswald.de\/en\/wp-json\/wp\/v2\/pages"}],"about":[{"href":"https:\/\/stipex.psychologie.uni-greifswald.de\/en\/wp-json\/wp\/v2\/types\/page"}],"author":[{"embeddable":true,"href":"https:\/\/stipex.psychologie.uni-greifswald.de\/en\/wp-json\/wp\/v2\/users\/2"}],"replies":[{"embeddable":true,"href":"https:\/\/stipex.psychologie.uni-greifswald.de\/en\/wp-json\/wp\/v2\/comments?post=398"}],"version-history":[{"count":47,"href":"https:\/\/stipex.psychologie.uni-greifswald.de\/en\/wp-json\/wp\/v2\/pages\/398\/revisions"}],"predecessor-version":[{"id":1007,"href":"https:\/\/stipex.psychologie.uni-greifswald.de\/en\/wp-json\/wp\/v2\/pages\/398\/revisions\/1007"}],"up":[{"embeddable":true,"href":"https:\/\/stipex.psychologie.uni-greifswald.de\/en\/wp-json\/wp\/v2\/pages\/101"}],"wp:attachment":[{"href":"https:\/\/stipex.psychologie.uni-greifswald.de\/en\/wp-json\/wp\/v2\/media?parent=398"}],"curies":[{"name":"wp","href":"https:\/\/api.w.org\/{rel}","templated":true}]}}