{"id":3,"date":"2023-02-07T17:52:37","date_gmt":"2023-02-07T16:52:37","guid":{"rendered":"https:\/\/stipex.psychologie.uni-greifswald.de\/wordpress\/?page_id=3"},"modified":"2025-07-17T17:00:56","modified_gmt":"2025-07-17T15:00:56","slug":"datenschutzerklaerung","status":"publish","type":"page","link":"https:\/\/stipex.psychologie.uni-greifswald.de\/en\/datenschutzerklaerung\/","title":{"rendered":"Datenschutzerkl\u00e4rung"},"content":{"rendered":"<h2 class=\"wp-block-heading\">Wer wir sind<\/h2>\n\n\n\n<p>Die Adresse unserer Website ist: <a href=\"https:\/\/stipex.psychologie.uni-greifswald.de\/en\/\">https:\/\/stipex.psychologie.uni-greifswald.de<\/a><br>Das Projekt \u201eStiPEx \u2013 Stigmatisierung im Kontext der Corona-Pandemie: Exploration psychosozialer Prozesse und intersektionaler Aspekte und ihre Bedeutung f\u00fcr die Pr\u00e4vention\u201c wird durchgef\u00fchrt durch das Institut f\u00fcr Psychologie (Lehrstuhl Gesundheit und Pr\u00e4vention) der Universit\u00e4t Greifswald.<\/p>\n\n\n\n<p>University of Greifswald<br>Institut f\u00fcr Psychologie<br>Lehrstuhl Gesundheit und Pr\u00e4vention<br>Robert-Blum-Stra\u00dfe 13<br>17489 Greifswald<\/p>\n\n\n\n<h2 class=\"wp-block-heading\">Befragung<\/h2>\n\n\n\n<p>Unsere Befragungen werden mit SoSciSurvey durchgef\u00fchrt. Dort gelten mitunter andere Datenschutzbedingungen. \u00dcber diese werden Sie zu Beginn jeder Befragung genauer informiert.<br>Was passiert mit meinen Daten?<br>Wenn Sie unsere Website betrachten m\u00f6chten, werden die folgenden Daten verarbeitet, die f\u00fcr uns technisch erforderlich sind, um Ihnen unsere Website anzuzeigen und die Stabilit\u00e4t und Sicherheit zu gew\u00e4hrleisten:<\/p>\n\n\n\n<ul class=\"wp-block-list\">\n<li>IP-Adresse<\/li>\n\n\n\n<li>Datum und Uhrzeit der Anfrage<\/li>\n\n\n\n<li>Zeitzonendifferenz zur Greenwich Mean Time (GMT)<\/li>\n\n\n\n<li>Inhalt der Anforderung (konkrete Seite)<\/li>\n\n\n\n<li>Zugriffsstatus\/HTTP-Statuscode<\/li>\n\n\n\n<li>jeweils \u00fcbertragene Datenmenge<\/li>\n\n\n\n<li>Website, von der die Anforderung kommt<\/li>\n\n\n\n<li>Browser<\/li>\n\n\n\n<li>Betriebssystem und dessen Oberfl\u00e4che<\/li>\n\n\n\n<li>Sprache und Version der Browsersoftware.<\/li>\n<\/ul>\n\n\n\n<p>Rechtsgrundlage: \u00a7 25 Abs. 2 TDDDG<\/p>\n\n\n\n<p>Zweck der Protokollierung ist die Erkennung, Eingrenzung und Beseitigung von St\u00f6rungen sowie die Aufdeckung von Missbrauch gem. \u00a7 12 Abs. 1 und 4 TDDDG. Eine Zusammenf\u00fchrung der IP-Adresse mit anderen Datenbest\u00e4nden erfolgt nicht. Die Daten werden maximal sieben Tage gespeichert. Sofern Sie per E-Mail Kontakt mit uns aufnehmen, verarbeiten wir Ihre personenbezogenen Daten aufgrund Ihrer Einwilligung (Art. 6 Abs. 1 lit. a DSGVO), welche Sie mit dem Versand Ihrer E-Mail erteilen. Hierbei handelt es sich neben Ihrer E-Mail-Adresse um personenbezogene Daten, welche sich ggf. aus dem Inhalt Ihrer Mail ergeben (z.B. Ihr Name). Wir verarbeiten Ihre Daten ausschlie\u00dflich, um Ihre Anfrage zu beantworten, anschlie\u00dfend werden diese Daten umgehend gel\u00f6scht.<\/p>\n\n\n\n<h2 class=\"wp-block-heading\">Einsatz von Cookies<\/h2>\n\n\n\n<p>Zus\u00e4tzlich zu den zuvor genannten Daten werden bei der Nutzung unserer Website Cookies auf Ihrem Rechner gespeichert. Bei Cookies handelt es sich um kleine Textdateien, die auf Ihrer Festplatte dem von Ihnen verwendeten Browser zugeordnet gespeichert werden und durch welche der Stelle, die den Cookie setzt, bestimmte Informationen zuflie\u00dfen. Cookies k\u00f6nnen keine Programme ausf\u00fchren oder Viren auf Ihren Computer \u00fcbertragen. Sie dienen dazu, das Internetangebot insgesamt nutzerfreundlicher und effektiver zu machen.<\/p>\n\n\n\n<h2 class=\"wp-block-heading\">Ihre Rechte bez\u00fcglich der Verarbeitung Ihrer personenbezogenen Daten<\/h2>\n\n\n\n<p>Sie haben das Recht, Ihre erteilte Einwilligung jederzeit ohne Angabe von Gr\u00fcnden zu widerrufen, ohne dass Ihnen daraus Nachteile entstehen. Hierf\u00fcr gen\u00fcgt eine formlose Mitteilung per E-Mail an die Projektleitung (Jun.-Prof. Dr. phil. Samuel Tomczyk: samuel.tomczyk@uni-greifswald.de). Die Rechtm\u00e4\u00dfigkeit der bereits erfolgten Datenverarbeitung bleibt vom Widerruf unber\u00fchrt.<\/p>\n\n\n\n<ul class=\"wp-block-list\">\n<li>Recht auf Auskunft<\/li>\n\n\n\n<li>Recht auf Berichtigung oder L\u00f6schung<\/li>\n\n\n\n<li>Recht auf Einschr\u00e4nkung der Verarbeitung<\/li>\n\n\n\n<li>Recht auf Widerspruch gegen die Verarbeitung<\/li>\n\n\n\n<li>Recht auf Daten\u00fcbertragbarkeit<\/li>\n<\/ul>\n\n\n\n<p>Ferner haben Sie das Recht auf Beschwerde bei einer Aufsichtsbeh\u00f6rde, wenn Sie der Ansicht sind, dass die Verarbeitung der Sie betreffenden personenbezogenen Daten gegen die Rechtvorschriften verst\u00f6\u00dft.<\/p>\n\n\n\n<p><em>Zust\u00e4ndige Aufsichtsbeh\u00f6rde:<\/em><br>Der Landesbeauftragte f\u00fcr Datenschutz und Informationsfreiheit Mecklenburg-Vorpommern<br>Werderstra\u00dfe 74a, 19055 Schwerin<br>info@datenschutz-mv.de<\/p>\n\n\n\n<h2 class=\"wp-block-heading\">Verantwortliche im datenschutzrechtlichen Sinne<\/h2>\n\n\n\n<p>University of Greifswald<br>Gesetzlich vertreten durch die Rektorin<br>Prof. Dr. Katharina Riedel<br>Domstra\u00dfe 11, 17489 Greifswald<br>Telefon +49 3834 420 0<br>Telefax +49 3834 420 1105<br>rektorin@uni-greifswald.de<\/p>\n\n\n\n<h2 class=\"wp-block-heading\">Beh\u00f6rdliche Datenschutzbeauftragte der Universit\u00e4t Greifswald<\/h2>\n\n\n\n<p>SIS &#8211; Schweriner IT- und Servicegesellschaft mbH<br>Eckdrift 93, 19061 Schwerin<br>datenschuetzer@uni-greifswald.de<br>Ansprechpartnerin:<br>Frau Dominique Kandzia<br>Telefon +49 385 20092 1218<\/p>\n\n\n\n<h2 class=\"wp-block-heading\">Hinweise<\/h2>\n\n\n\n<h2 class=\"wp-block-heading\">Kinder<\/h2>\n\n\n\n<p>Unser Angebot richtet sich grunds\u00e4tzlich an Erwachsene. Personen unter 18 Jahren sollten ohne Zustimmung der Eltern oder Erziehungsberechtigten keine personenbezogenen Daten an uns \u00fcbermitteln.<\/p>\n\n\n\n<h2 class=\"wp-block-heading\">\u00c4nderung unserer Datenschutzbestimmungen<\/h2>\n\n\n\n<p>Wir behalten uns das Recht vor, unsere Sicherheits- und Datenschutzma\u00dfnahmen zu ver\u00e4ndern, soweit dies wegen der technischen Entwicklung erforderlich wird. In diesen F\u00e4llen werden wir auch unsere Hinweise zum Datenschutz entsprechend anpassen. Bitte beachten Sie daher die jeweils aktuelle Version unserer Datenschutzerkl\u00e4rung.<br>Fragen, Anregungen, Beschwerden<br>Wenn Sie Fragen zu unseren Hinweisen zum Datenschutz oder zur Verarbeitung Ihrer personenbezogenen Daten haben, k\u00f6nnen Sie sich per Mail (stipex@uni-greifswald.de) direkt an uns wenden.<\/p>\n\n\n\n<p>Stand: Juli 2025<\/p>\n\n\n\n<h2 class=\"wp-block-heading\" id=\"wer-wir-sind\"><\/h2>","protected":false},"excerpt":{"rendered":"<p>Wer wir sind Die Adresse unserer Website ist: https:\/\/stipex.psychologie.uni-greifswald.deDas Projekt &hellip;<\/p>","protected":false},"author":1,"featured_media":0,"parent":0,"menu_order":0,"comment_status":"closed","ping_status":"open","template":"","meta":{"footnotes":""},"class_list":["post-3","page","type-page","status-publish","hentry"],"featured_image_src":null,"_links":{"self":[{"href":"https:\/\/stipex.psychologie.uni-greifswald.de\/en\/wp-json\/wp\/v2\/pages\/3","targetHints":{"allow":["GET"]}}],"collection":[{"href":"https:\/\/stipex.psychologie.uni-greifswald.de\/en\/wp-json\/wp\/v2\/pages"}],"about":[{"href":"https:\/\/stipex.psychologie.uni-greifswald.de\/en\/wp-json\/wp\/v2\/types\/page"}],"author":[{"embeddable":true,"href":"https:\/\/stipex.psychologie.uni-greifswald.de\/en\/wp-json\/wp\/v2\/users\/1"}],"replies":[{"embeddable":true,"href":"https:\/\/stipex.psychologie.uni-greifswald.de\/en\/wp-json\/wp\/v2\/comments?post=3"}],"version-history":[{"count":18,"href":"https:\/\/stipex.psychologie.uni-greifswald.de\/en\/wp-json\/wp\/v2\/pages\/3\/revisions"}],"predecessor-version":[{"id":1334,"href":"https:\/\/stipex.psychologie.uni-greifswald.de\/en\/wp-json\/wp\/v2\/pages\/3\/revisions\/1334"}],"wp:attachment":[{"href":"https:\/\/stipex.psychologie.uni-greifswald.de\/en\/wp-json\/wp\/v2\/media?parent=3"}],"curies":[{"name":"wp","href":"https:\/\/api.w.org\/{rel}","templated":true}]}}