{"id":131,"date":"2023-04-14T12:52:21","date_gmt":"2023-04-14T10:52:21","guid":{"rendered":"https:\/\/stipex.psychologie.uni-greifswald.de\/?page_id=131"},"modified":"2023-06-27T11:37:49","modified_gmt":"2023-06-27T09:37:49","slug":"erklaerung-zur-barrierefreiheit","status":"publish","type":"page","link":"https:\/\/stipex.psychologie.uni-greifswald.de\/en\/erklaerung-zur-barrierefreiheit\/","title":{"rendered":"Erkl\u00e4rung zur Barrierefreiheit"},"content":{"rendered":"<p>Die Universit\u00e4t Greifswald ist bem\u00fcht, alle Internetseiten nach \u00a7 13 des&nbsp;<a href=\"https:\/\/www.regierung-mv.de\/Landesregierung\/sm\/Soziales\/Behinderungen\/Das-Landesbehindertengleichstellungsgesetz-und-seine-Rechtsverordnungen\/\" target=\"_blank\" rel=\"noreferrer noopener\">Landesbehindertengleichstellungsgesetzes Mecklenburg-Vorpommern (LBGG MV)&nbsp;<\/a>so zu gestalten, dass sie von Menschen mit Einschr\u00e4nkungen und Behinderung grunds\u00e4tzlich uneingeschr\u00e4nkt genutzt werden k\u00f6nnen, so wie es festgehalten ist in der&nbsp;<a href=\"https:\/\/www.regierung-mv.de\/Landesregierung\/sm\/Soziales\/Behinderungen\/Das-Landesbehindertengleichstellungsgesetz-und-seine-Rechtsverordnungen\/Die-Barrierefreie-Informationstechnik%E2%80%93Verordnung-%28BITVO-M%E2%80%93V%29\/\" target=\"_blank\" rel=\"noreferrer noopener\">Barrierefreie Informationstechnik-Verordnung des Landes Mecklenburg-Vorpommern (BITVO MV)<\/a>.<\/p>\n\n\n\n<p>Diese Erkl\u00e4rung zur Barrierefreiheit gilt f\u00fcr alle Internetseiten der Domain&nbsp;<a rel=\"noreferrer noopener\" href=\"https:\/\/www.uni-greifswald.de\/\" target=\"_blank\">www.uni-greifswald.de<\/a>, die auf dem zentralen Webserver mit dem Content Management System TYPO3 umgesetzt sind.<\/p>\n\n\n\n<h2 class=\"wp-block-heading\">Stand der Vereinbarkeit mit den Anforderungen<\/h2>\n\n\n\n<p>Der Internetauftritt des StiPEx-Projekts stimmt inklusive seiner mobilen Ausspielansichten zum Gro\u00dfteil mit den Anforderungen der \u00a713 des LBGG MV \u00fcberein.<\/p>\n\n\n\n<h2 class=\"wp-block-heading\">Nicht barrierefreie Inhalte<\/h2>\n\n\n\n<ul class=\"wp-block-list\">\n<li>nicht alle Dokumente werden in einer barrierefreien Fassung angeboten<\/li>\n\n\n\n<li>die Kontraste von Texten und Bedienelementen sind teilweise mangelhaft<\/li>\n\n\n\n<li>Informationen nur teilweise in leichter Sprache bereitgestellt. <\/li>\n<\/ul>\n\n\n\n<h2 class=\"wp-block-heading\">Begr\u00fcndung der M\u00e4ngel<\/h2>\n\n\n\n<p>Die auf der Beitragsseite zur Verf\u00fcgung gestellten Dokumente werden nicht alle in einer barrierefreien Fassung angeboten. Die Informationen der Dokumente werden daf\u00fcr auf den jeweiligen Seiten bereit gestellt. Besonders beim Einbetten extern erstellter Dokumente (wie Publikationen aus Fachzeitschriften) k\u00f6nnen wir keine Barrierefreiheit sichern.<\/p>\n\n\n\n<p>Aufgrund des Designs der Beitragsseite bestehen nicht immer hinreichende Kontraste zwischen Schrift und Hintergrund. Verlinkte Texte sind im Hover-Effekt heller, im allgemeinen Zustand kann der Kontrast als ausreichend betrachtet werden. <\/p>\n\n\n\n<p>Wir sind bem\u00fcht unsere Textbeitr\u00e4ge f\u00fcr alle Menschen so verst\u00e4ndlich wie m\u00f6glich zu formulieren. Nicht immer ist es m\u00f6glich, Fachbegriffe zu ersetzen. F\u00fcr wichtige Fachbegriffe wird ein Glossar bereit gestellt.<\/p>\n\n\n\n<h2 class=\"wp-block-heading\">Erstellung dieser Erkl\u00e4rung<\/h2>\n\n\n\n<p class=\"has-text-align-left\">Diese Erkl\u00e4rung wurde am 19.06.2023 erstellt<br>Methodik der Pr\u00fcfung: Selbstbewertung durch zwei voneinander unabh\u00e4ngige Personen<br>Die Erkl\u00e4rung wurde zuletzt am 26.06.2023 \u00fcberpr\u00fcft<\/p>\n\n\n\n<h2 class=\"wp-block-heading\">R\u00fcckmeldung und Kontakt<\/h2>\n\n\n\n<p>Etwaige M\u00e4ngel in Bezug auf die Einhaltung der Barrierefreiheitsanforderungen k\u00f6nnen Sie uns mitteilen.  Wenden Sie sich dazu bitte an: <\/p>\n\n\n\n<p>Jan Me\u00dferschmidt<br>Stabsstelle Hochschulkommunikation<br>Domstra\u00dfe 11, 17498 Greifswald<br>Telefon&nbsp;+49 3834 420 1150<br><a href=\"javascript:linkTo_UnCryptMailto(%27kygjrm8%5Cu200b%5Cu200b%5Cu200b%5Cu200b%5Cu200b%5Cu200b%5Cu200bfmafqafsjimkkslgiyrgmlYslg%2Bepcgdquyjb%2Cbc%27);\">\u200b\u200b\u200b\u200b\u200b\u200b\u200bhochschulkommunikation@uni-greifswald.de<\/a><\/p>\n\n\n\n<p>Der Webmaster der Universit\u00e4t Greifswald ist ebenfalls zust\u00e4ndig f\u00fcr die barrierefreie Zug\u00e4nglichkeit des Internetauftritts sowie die Bearbeitung eingehender M\u00e4ngelmeldungen.<br>Studierende mit Beeintr\u00e4chtigung und Behinderungen unterst\u00fctzt die&nbsp;<a rel=\"noreferrer noopener\" href=\"https:\/\/www.uni-greifswald.de\/universitaet\/organisation\/beauftragte\/behindertenbeauftragte-fuer-studierende\/\" target=\"_blank\">Beauftragte f\u00fcr behinderte Studierende<\/a>&nbsp;der Universit\u00e4t Greifswald.<br>Die&nbsp;<a rel=\"noreferrer noopener\" href=\"https:\/\/www.uni-greifswald.de\/universitaet\/organisation\/leitung-gremien\/personalvertretung\/schwerbehinderte\/\" target=\"_blank\">Schwerbehindertenvertretung&nbsp;<\/a>unterst\u00fctzt die schwerbehinderten Besch\u00e4ftigten und die ihnen Gleichgestellten.<\/p>\n\n\n\n<h2 class=\"wp-block-heading\">Durchsetzungsverfahren<\/h2>\n\n\n\n<p>Im Rahmen eines Durchsetzungsverfahrens k\u00f6nnen Sie die&nbsp;<a rel=\"noreferrer noopener\" href=\"https:\/\/www.regierung-mv.de\/Landesregierung\/sm\/Soziales\/Ueberwachungsstelle\/\" target=\"_blank\">\u00dcberwachungsstelle f\u00fcr digitale Barrierefreiheit des Landes Mecklenburg-Vorpommern<\/a>&nbsp;einschalten.<\/p>","protected":false},"excerpt":{"rendered":"<p>Die Universit\u00e4t Greifswald ist bem\u00fcht, alle Internetseiten nach \u00a7 13 &hellip;<\/p>","protected":false},"author":2,"featured_media":247,"parent":0,"menu_order":0,"comment_status":"closed","ping_status":"closed","template":"","meta":{"footnotes":""},"class_list":["post-131","page","type-page","status-publish","has-post-thumbnail","hentry"],"featured_image_src":"https:\/\/stipex.psychologie.uni-greifswald.de\/wordpress\/wp-content\/uploads\/2023\/04\/Historisches-Institut_20171204-_DSC6835_MS_150dpi-1500px.jpg","_links":{"self":[{"href":"https:\/\/stipex.psychologie.uni-greifswald.de\/en\/wp-json\/wp\/v2\/pages\/131","targetHints":{"allow":["GET"]}}],"collection":[{"href":"https:\/\/stipex.psychologie.uni-greifswald.de\/en\/wp-json\/wp\/v2\/pages"}],"about":[{"href":"https:\/\/stipex.psychologie.uni-greifswald.de\/en\/wp-json\/wp\/v2\/types\/page"}],"author":[{"embeddable":true,"href":"https:\/\/stipex.psychologie.uni-greifswald.de\/en\/wp-json\/wp\/v2\/users\/2"}],"replies":[{"embeddable":true,"href":"https:\/\/stipex.psychologie.uni-greifswald.de\/en\/wp-json\/wp\/v2\/comments?post=131"}],"version-history":[{"count":11,"href":"https:\/\/stipex.psychologie.uni-greifswald.de\/en\/wp-json\/wp\/v2\/pages\/131\/revisions"}],"predecessor-version":[{"id":677,"href":"https:\/\/stipex.psychologie.uni-greifswald.de\/en\/wp-json\/wp\/v2\/pages\/131\/revisions\/677"}],"wp:featuredmedia":[{"embeddable":true,"href":"https:\/\/stipex.psychologie.uni-greifswald.de\/en\/wp-json\/wp\/v2\/media\/247"}],"wp:attachment":[{"href":"https:\/\/stipex.psychologie.uni-greifswald.de\/en\/wp-json\/wp\/v2\/media?parent=131"}],"curies":[{"name":"wp","href":"https:\/\/api.w.org\/{rel}","templated":true}]}}