{"id":129,"date":"2023-04-14T12:36:28","date_gmt":"2023-04-14T10:36:28","guid":{"rendered":"https:\/\/stipex.psychologie.uni-greifswald.de\/?page_id=129"},"modified":"2023-06-19T16:23:59","modified_gmt":"2023-06-19T14:23:59","slug":"impressum","status":"publish","type":"page","link":"https:\/\/stipex.psychologie.uni-greifswald.de\/en\/impressum\/","title":{"rendered":"Imprint"},"content":{"rendered":"<h2 class=\"wp-block-heading\">Herausgeberin<\/h2>\n\n\n\n<p>University of Greifswald<br>Gesetzlich vertreten durch die Rektorin<br>Prof. Dr. Katharina Riedel<br><em>Postanschrift:<\/em><strong>&nbsp;<\/strong>17487 Greifswald<br><em>Hausanschrift:&nbsp;<\/em>Domstra\u00dfe 11, Eingang 2,&nbsp;17489 Greifswald<br>Telefon +49 3834 420 0<br>Telefax +49 3834 420 1105<br><a href=\"javascript:linkTo_UnCryptMailto(%27kygjrm8pcirmpglYslg%2Bepcgdquyjb%2Cbc%27);\">rektorin@uni-greifswald.de<\/a><br>Umsatzsteuer-ID-Nummer: DE 137 584 813<\/p>\n\n\n\n<h2 class=\"wp-block-heading\">Aufsichtsbeh\u00f6rde<\/h2>\n\n\n\n<p>Ministerium f\u00fcr Wissenschaft, Kultur, Bundes- und Europaangelegenheiten Mecklenburg-Vorpommern<br>Schlo\u00dfstra\u00dfe 6\u20138,&nbsp;19053 Schwerin<br>Telefon +49 385 588-0<br>Telefax +49 385 588-18099<br><a href=\"javascript:linkTo_UnCryptMailto(%27kygjrm8nmqrqrcjjcYck%2Ckt%2Bpcegcpsle%2Cbc%27);\">poststelle@em.mv-regierung.de<\/a><\/p>\n\n\n\n<h2 class=\"wp-block-heading\">Redaktionell verantwortlich gem\u00e4\u00df \u00a755 Abs. 2RStV<\/h2>\n\n\n\n<p>Jun.-Prof. Dr. phil. Samuel Tomczyk<\/p>\n\n\n\n<p>University of Greifswald<br>Institut f\u00fcr Psychologie<br>Lehrstuhl Gesundheit und Pr\u00e4vention<br>Robert-Blum-Stra\u00dfe 13<br>17489 Greifswald<\/p>\n\n\n\n<p>Telefon +49 3834 420 3806<br><a href=\"mailto:samuel.tomczyk@uni-greifswald.de\">samuel.tomczyk@uni-greifswald.de<\/a><\/p>\n\n\n\n<h2 class=\"wp-block-heading\">Contact<\/h2>\n\n\n\n<p>Jun.-Prof. Dr. phil. Samuel Tomczyk<\/p>\n\n\n\n<p>University of Greifswald<br>Institut f\u00fcr Psychologie<br>Lehrstuhl Gesundheit und Pr\u00e4vention<br>Robert-Blum-Stra\u00dfe 13<br>17489 Greifswald<\/p>\n\n\n\n<p>Telefon +49 3834 420 3806<br><a href=\"mailto:samuel.tomczyk@uni-greifswald.de\">samuel.tomczyk@uni-greifswald.de<\/a><\/p>\n\n\n\n<h2 class=\"wp-block-heading\">Konzeption, Gestaltung und Technische Umsetzung<\/h2>\n\n\n\n<p>Wibke G\u00f6rs<\/p>\n\n\n\n<p>University of Greifswald<br>Institut f\u00fcr Psychologie<br>Lehrstuhl Gesundheit und Pr\u00e4vention<br>Robert-Blum-Stra\u00dfe 13<br>17489 Greifswald<\/p>\n\n\n\n<h2 class=\"wp-block-heading\">Bildnachweise<\/h2>\n\n\n\n<figure class=\"wp-block-table\"><table><tbody><tr><td>Seite<\/td><td>genutzte Fotos<\/td><\/tr><tr><td>Surveys<\/td><td><a href=\"https:\/\/pixabay.com\/de\/illustrations\/firma-soziales-netzwerk-gemeinschaft-3502288\/\">https:\/\/pixabay.com\/de\/illustrations\/firma-soziales-netzwerk-gemeinschaft-3502288\/<\/a><\/td><\/tr><tr><td>Home<\/td><td><a href=\"https:\/\/pixabay.com\/de\/vectors\/mann-mitarbeiter-rechner-monitor-5800290\/\">https:\/\/pixabay.com\/de\/vectors\/mann-mitarbeiter-rechner-monitor-5800290\/<\/a><br><a href=\"https:\/\/pixabay.com\/de\/vectors\/gehen-allein-person-laufen-tasche-7617043\/\">https:\/\/pixabay.com\/de\/vectors\/gehen-allein-person-laufen-tasche-7617043\/<\/a><br><a href=\"https:\/\/pixabay.com\/de\/vectors\/%c3%b6ffentlich-sprechen-anweisung-7659561\/\">https:\/\/pixabay.com\/de\/vectors\/%c3%b6ffentlich-sprechen-anweisung-7659561\/<\/a><br><a href=\"https:\/\/pixabay.com\/de\/vectors\/behinderung-rollstuhl-betreuer-7623153\/\">https:\/\/pixabay.com\/de\/vectors\/behinderung-rollstuhl-betreuer-7623153\/<\/a><\/td><\/tr><tr><td>variabel<\/td><td><a href=\"https:\/\/pixabay.com\/de\/vectors\/mann-mitarbeiter-rechner-monitor-5800290\/\" target=\"_blank\" rel=\"noreferrer noopener\">https:\/\/pixabay.com\/de\/vectors\/mann-mitarbeiter-rechner-monitor-5800290\/<\/a><br><a href=\"https:\/\/pixabay.com\/de\/vectors\/gehen-allein-person-laufen-tasche-7617043\/\" target=\"_blank\" rel=\"noreferrer noopener\">https:\/\/pixabay.com\/de\/vectors\/gehen-allein-person-laufen-tasche-7617043\/<\/a><br><a href=\"https:\/\/pixabay.com\/de\/vectors\/podcast-treffen-virtuell-gesch%c3%a4ft-7779510\/\" target=\"_blank\" rel=\"noreferrer noopener\">https:\/\/pixabay.com\/de\/vectors\/podcast-treffen-virtuell-gesch%c3%a4ft-7779510\/<\/a><br><a href=\"https:\/\/pixabay.com\/de\/vectors\/mitarbeiter-schreibtisch-betonen-6038877\/\" target=\"_blank\" rel=\"noreferrer noopener\">https:\/\/pixabay.com\/de\/vectors\/mitarbeiter-schreibtisch-betonen-6038877\/<\/a><br><a href=\"https:\/\/pixabay.com\/de\/vectors\/m%c3%bcde-ersch%c3%b6pft-betonen-mann-gehen-7103575\/\" target=\"_blank\" rel=\"noreferrer noopener\">https:\/\/pixabay.com\/de\/vectors\/m%c3%bcde-ersch%c3%b6pft-betonen-mann-gehen-7103575\/<\/a><br><a href=\"https:\/\/pixabay.com\/de\/vectors\/erziehung-familie-mutter-muslim-7595515\/\" target=\"_blank\" rel=\"noreferrer noopener\">https:\/\/pixabay.com\/de\/vectors\/erziehung-familie-mutter-muslim-7595515\/<\/a><br><a href=\"https:\/\/pixabay.com\/de\/vectors\/impfung-medizin-spritze-ampulle-7734674\/\" target=\"_blank\" rel=\"noreferrer noopener\">https:\/\/pixabay.com\/de\/vectors\/impfung-medizin-spritze-ampulle-7734674\/<\/a><br><a href=\"https:\/\/pixabay.com\/de\/vectors\/mri-radiologie-maschine-scanner-7639120\/\" target=\"_blank\" rel=\"noreferrer noopener\">https:\/\/pixabay.com\/de\/vectors\/mri-radiologie-maschine-scanner-7639120\/<\/a><br><a href=\"https:\/\/pixabay.com\/de\/vectors\/%c3%b6ffentlich-sprechen-anweisung-7659561\/\" target=\"_blank\" rel=\"noreferrer noopener\">https:\/\/pixabay.com\/de\/vectors\/%c3%b6ffentlich-sprechen-anweisung-7659561\/<\/a><br><a href=\"https:\/\/pixabay.com\/de\/vectors\/behinderung-rollstuhl-betreuer-7623153\/\" target=\"_blank\" rel=\"noreferrer noopener\">https:\/\/pixabay.com\/de\/vectors\/behinderung-rollstuhl-betreuer-7623153\/<\/a><br><a href=\"https:\/\/pixabay.com\/de\/vectors\/zoomen-fernbedienung-treffen-7201517\/\" target=\"_blank\" rel=\"noreferrer noopener\">https:\/\/pixabay.com\/de\/vectors\/zoomen-fernbedienung-treffen-7201517\/<\/a><br><a href=\"https:\/\/pixabay.com\/de\/vectors\/geduldig-psychologe-beratung-6139182\/\" data-type=\"URL\" target=\"_blank\" rel=\"noreferrer noopener\">https:\/\/pixabay.com\/de\/vectors\/geduldig-psychologe-beratung-6139182\/<\/a><br><a href=\"https:\/\/pixabay.com\/de\/vectors\/altenheim-pflege-krankenschwester-7211204\/\" target=\"_blank\" rel=\"noreferrer noopener\">https:\/\/pixabay.com\/de\/vectors\/altenheim-pflege-krankenschwester-7211204\/<\/a><br><\/td><\/tr><\/tbody><\/table><\/figure>\n\n\n\n<h2 class=\"wp-block-heading\">Geltungsbereich<\/h2>\n\n\n\n<p>Dieses Impressum gilt f\u00fcr die Webseite, die durch dieses Impressum gekennzeichnet und die \u00fcber die URL https:\/\/stipex.psychologie.uni-greifswald.de erreichbar ist.<\/p>\n\n\n\n<h2 class=\"wp-block-heading\">Inhalt des Onlineangebotes<\/h2>\n\n\n\n<p>Die Universit\u00e4t Greifswald \u00fcbernimmt keinerlei Gew\u00e4hr f\u00fcr die Aktualit\u00e4t, Korrektheit, Vollst\u00e4ndigkeit oder Qualit\u00e4t der bereitgestellten Informationen. Haftungsanspr\u00fcche gegen die Universit\u00e4t, die sich auf Sch\u00e4den materieller oder ideeller Art beziehen, die durch die Nutzung oder Nichtnutzung der dargebotenen Informationen bzw. durch die Nutzung fehlerhafter und unvollst\u00e4ndiger Informationen verursacht wurden, sind grunds\u00e4tzlich ausgeschlossen, sofern seitens der Universit\u00e4t kein nachweislich vors\u00e4tzliches oder grob fahrl\u00e4ssiges Verschulden vorliegt. Alle Angebote sind freibleibend und unverbindlich. Die Universit\u00e4t beh\u00e4lt es sich ausdr\u00fccklich vor, Teile der Seiten oder das gesamte Angebot ohne gesonderte Ank\u00fcndigung zu ver\u00e4ndern, zu erg\u00e4nzen, zu l\u00f6schen oder die Ver\u00f6ffentlichung zeitweise oder endg\u00fcltig einzustellen. Hinweise und Korrekturen inhaltlicher und technischer Art senden Sie bitte an <a href=\"javascript:linkTo_UnCryptMailto(%27kygjrm8kypjclc%2CkscfjkyllYslg%2Bepcgdquyjb%2Cbc%27);\">marlene.muehlmann@uni-greifswald.de<\/a><\/p>\n\n\n\n<h2 class=\"wp-block-heading\">Verweise und Links<\/h2>\n\n\n\n<p>Bei direkten oder indirekten Verweisen auf fremde Webseiten (\u201eHyperlinks\u201c), die au\u00dferhalb des Verantwortungsbereiches der Universit\u00e4t liegen, w\u00fcrde eine Haftungsverpflichtung ausschlie\u00dflich in dem Fall in Kraft treten, in dem der\/die Autor\/in von den Inhalten Kenntnis hat und es ihm\/ihr technisch m\u00f6glich und zumutbar w\u00e4re, die Nutzung im Falle rechtswidriger Inhalte zu verhindern. Die Universit\u00e4t erkl\u00e4rt hiermit ausdr\u00fccklich, dass zum Zeitpunkt der Linksetzung keine illegalen Inhalte auf den zu verlinkenden Seiten erkennbar waren. Auf die aktuelle und zuk\u00fcnftige Gestaltung, die Inhalte oder die Urheberschaft der verlinkten\/verkn\u00fcpften Seiten hat die Universit\u00e4t keinerlei Einfluss. Deshalb distanziert sie sich hiermit ausdr\u00fccklich von allen Inhalten aller verlinkten\/verkn\u00fcpften Seiten, die nach der Linksetzung ver\u00e4ndert wurden. Diese Feststellung gilt f\u00fcr alle innerhalb des eigenen Internetangebotes gesetzten Links und Verweise sowie f\u00fcr Fremdeintr\u00e4ge in von der Universit\u00e4t eingerichteten G\u00e4steb\u00fcchern, Diskussionsforen, Linkverzeichnissen, Mailinglisten und in allen anderen Formen von Datenbanken, auf deren Inhalt externe Schreibzugriffe m\u00f6glich sind. F\u00fcr illegale, fehlerhafte oder unvollst\u00e4ndige Inhalte und insbesondere f\u00fcr Sch\u00e4den, die aus der Nutzung oder Nichtnutzung solcherart dargebotener Informationen entstehen, haftet allein der Anbieter der Seite, auf welche verwiesen wurde, nicht derjenige, der \u00fcber Links auf die jeweilige Ver\u00f6ffentlichung lediglich verweist.<\/p>\n\n\n\n<h2 class=\"wp-block-heading\">Urheber- und Kennzeichenrecht<\/h2>\n\n\n\n<p>Die Universit\u00e4t ist bestrebt, in allen Publikationen die Urheberrechte der verwendeten Grafiken, Fotos, Tondokumente, Videosequenzen und Texte zu beachten, von ihm selbst erstellte Grafiken, Fotos, Tondokumente, Videosequenzen und Texte zu nutzen oder auf lizenzfreie Grafiken, Fotos, Tondokumente, Videosequenzen und Texte zur\u00fcckzugreifen. Alle innerhalb unseres mit diesem Impressum gekennzeichneten Internetangebotes genannten und ggf. durch Dritte gesch\u00fctzten Marken- und Warenzeichen unterliegen uneingeschr\u00e4nkt den Bestimmungen des jeweils g\u00fcltigen Kennzeichenrechts und den Besitzrechten der jeweiligen eingetragenen Eigent\u00fcmer. Allein aufgrund der blo\u00dfen Nennung ist nicht der Schluss zu ziehen, dass Markenzeichen nicht durch Rechte Dritter gesch\u00fctzt sind! Das Copyright f\u00fcr das Online-Angebot der Universit\u00e4t, das mit dem oben genannten Impressum gekennzeichnet ist, bleibt allein bei der Universit\u00e4t. Eine Vervielf\u00e4ltigung oder Verwendung der auf diesen Seiten verwendeten Grafiken, Fotos, Tondokumente, Videosequenzen und Texte in anderen elektronischen oder gedruckten Publikationen ist ohne ausdr\u00fcckliche Zustimmung der Universit\u00e4t nicht gestattet. Unber\u00fchrt davon bleibt das \u201eKopieren\u201c der Dateien auf den eigenen Rechner, um sich die WWW-Seiten auf einem Browser anzuschauen. Ausgenommen sind ebenfalls die Pressemitteilungen der Universit\u00e4t. Sie sind dem Inhalt nach von jedermann frei und ohne besondere Genehmigung weiterverwendbar. Meldungen \u00fcber missbr\u00e4uchliche Nutzungen, die von Stationen aus dem IP-Namensbereich \u201auni-greifswald.de\u2018 ausgehen, senden Sie bitte an den Webmaster.<\/p>\n\n\n\n<h2 class=\"wp-block-heading\">Rechtswirksamkeit dieses Haftungsausschlusses<\/h2>\n\n\n\n<p>Dieser Haftungsausschluss ist als Teil des Internetangebotes zu betrachten. Sofern Teile oder einzelne Formulierungen dieses Textes der geltenden Rechtslage nicht, nicht mehr oder nicht vollst\u00e4ndig entsprechen sollten, bleiben die \u00fcbrigen Teile des Dokumentes in ihrem Inhalt und ihrer G\u00fcltigkeit davon unber\u00fchrt.<\/p>","protected":false},"excerpt":{"rendered":"<p>Herausgeberin Universit\u00e4t GreifswaldGesetzlich vertreten durch die RektorinProf. Dr. Katharina RiedelPostanschrift:&nbsp;17487 &hellip;<\/p>","protected":false},"author":2,"featured_media":247,"parent":0,"menu_order":0,"comment_status":"closed","ping_status":"closed","template":"","meta":{"footnotes":""},"class_list":["post-129","page","type-page","status-publish","has-post-thumbnail","hentry"],"featured_image_src":"https:\/\/stipex.psychologie.uni-greifswald.de\/wordpress\/wp-content\/uploads\/2023\/04\/Historisches-Institut_20171204-_DSC6835_MS_150dpi-1500px.jpg","_links":{"self":[{"href":"https:\/\/stipex.psychologie.uni-greifswald.de\/en\/wp-json\/wp\/v2\/pages\/129","targetHints":{"allow":["GET"]}}],"collection":[{"href":"https:\/\/stipex.psychologie.uni-greifswald.de\/en\/wp-json\/wp\/v2\/pages"}],"about":[{"href":"https:\/\/stipex.psychologie.uni-greifswald.de\/en\/wp-json\/wp\/v2\/types\/page"}],"author":[{"embeddable":true,"href":"https:\/\/stipex.psychologie.uni-greifswald.de\/en\/wp-json\/wp\/v2\/users\/2"}],"replies":[{"embeddable":true,"href":"https:\/\/stipex.psychologie.uni-greifswald.de\/en\/wp-json\/wp\/v2\/comments?post=129"}],"version-history":[{"count":5,"href":"https:\/\/stipex.psychologie.uni-greifswald.de\/en\/wp-json\/wp\/v2\/pages\/129\/revisions"}],"predecessor-version":[{"id":520,"href":"https:\/\/stipex.psychologie.uni-greifswald.de\/en\/wp-json\/wp\/v2\/pages\/129\/revisions\/520"}],"wp:featuredmedia":[{"embeddable":true,"href":"https:\/\/stipex.psychologie.uni-greifswald.de\/en\/wp-json\/wp\/v2\/media\/247"}],"wp:attachment":[{"href":"https:\/\/stipex.psychologie.uni-greifswald.de\/en\/wp-json\/wp\/v2\/media?parent=129"}],"curies":[{"name":"wp","href":"https:\/\/api.w.org\/{rel}","templated":true}]}}